{"id":19,"date":"2022-07-18T14:55:47","date_gmt":"2022-07-18T14:55:47","guid":{"rendered":"https:\/\/futurosolaire.fr\/?page_id=19"},"modified":"2023-10-26T09:18:36","modified_gmt":"2023-10-26T09:18:36","slug":"electricite","status":"publish","type":"page","link":"https:\/\/futurosolaire.fr\/index.php\/electricite\/","title":{"rendered":"Electricit\u00e9"},"content":{"rendered":"\t\t<div data-elementor-type=\"wp-page\" data-elementor-id=\"19\" class=\"elementor elementor-19\">\n\t\t\t\t\t\t\t\t\t<section class=\"elementor-section elementor-top-section elementor-element elementor-element-d85e45f elementor-section-stretched elementor-section-boxed elementor-section-height-default elementor-section-height-default\" data-id=\"d85e45f\" data-element_type=\"section\" data-settings=\"{&quot;stretch_section&quot;:&quot;section-stretched&quot;}\">\n\t\t\t\t\t\t<div class=\"elementor-container elementor-column-gap-default\">\n\t\t\t\t\t<div class=\"elementor-column elementor-col-100 elementor-top-column elementor-element elementor-element-b98020e\" data-id=\"b98020e\" data-element_type=\"column\">\n\t\t\t<div class=\"elementor-widget-wrap elementor-element-populated\">\n\t\t\t\t\t\t\t\t<div class=\"elementor-element elementor-element-3d59291 elementor-widget elementor-widget-text-editor\" data-id=\"3d59291\" data-element_type=\"widget\" data-widget_type=\"text-editor.default\">\n\t\t\t\t<div class=\"elementor-widget-container\">\n\t\t\t<style>\/*! elementor - v3.6.7 - 03-07-2022 *\/\n.elementor-widget-text-editor.elementor-drop-cap-view-stacked .elementor-drop-cap{background-color:#818a91;color:#fff}.elementor-widget-text-editor.elementor-drop-cap-view-framed .elementor-drop-cap{color:#818a91;border:3px solid;background-color:transparent}.elementor-widget-text-editor:not(.elementor-drop-cap-view-default) .elementor-drop-cap{margin-top:8px}.elementor-widget-text-editor:not(.elementor-drop-cap-view-default) .elementor-drop-cap-letter{width:1em;height:1em}.elementor-widget-text-editor .elementor-drop-cap{float:left;text-align:center;line-height:1;font-size:50px}.elementor-widget-text-editor .elementor-drop-cap-letter{display:inline-block}<\/style>\t\t\t\t<p><strong>FUTUROSOLAIRE est sp\u00e9cialis\u00e9e dans les travaux d&rsquo;\u00e9lectricit\u00e9 g\u00e9n\u00e9rale. Nous r\u00e9alisons diverses installations <\/strong><br \/><strong>et r\u00e9novations \u00e9lectriques sur Poitiers et ses alentours.<\/strong><\/p><p><strong>N&rsquo;h\u00e9sitez pas \u00e0 nous contacter pour un chiffrage ou l&rsquo;intervention rapide d&rsquo;un \u00e9lectricien qualifi\u00e9 et professionnel !<\/strong><\/p>\t\t\t\t\t\t<\/div>\n\t\t\t\t<\/div>\n\t\t\t\t\t<\/div>\n\t\t<\/div>\n\t\t\t\t\t\t\t<\/div>\n\t\t<\/section>\n\t\t\t\t<section class=\"elementor-section elementor-top-section elementor-element elementor-element-c87362e elementor-section-boxed elementor-section-height-default elementor-section-height-default\" data-id=\"c87362e\" data-element_type=\"section\">\n\t\t\t\t\t\t<div class=\"elementor-container elementor-column-gap-default\">\n\t\t\t\t\t<div class=\"elementor-column elementor-col-100 elementor-top-column elementor-element elementor-element-26d99fa\" data-id=\"26d99fa\" data-element_type=\"column\">\n\t\t\t<div class=\"elementor-widget-wrap elementor-element-populated\">\n\t\t\t\t\t\t\t\t<div class=\"elementor-element elementor-element-8dfba48 elementor-widget elementor-widget-heading\" data-id=\"8dfba48\" data-element_type=\"widget\" data-widget_type=\"heading.default\">\n\t\t\t\t<div class=\"elementor-widget-container\">\n\t\t\t<style>\/*! elementor - v3.6.7 - 03-07-2022 *\/\n.elementor-heading-title{padding:0;margin:0;line-height:1}.elementor-widget-heading .elementor-heading-title[class*=elementor-size-]>a{color:inherit;font-size:inherit;line-height:inherit}.elementor-widget-heading .elementor-heading-title.elementor-size-small{font-size:15px}.elementor-widget-heading .elementor-heading-title.elementor-size-medium{font-size:19px}.elementor-widget-heading .elementor-heading-title.elementor-size-large{font-size:29px}.elementor-widget-heading .elementor-heading-title.elementor-size-xl{font-size:39px}.elementor-widget-heading .elementor-heading-title.elementor-size-xxl{font-size:59px}<\/style><h2 class=\"elementor-heading-title elementor-size-default\">INSTALLATION ELECTRIQUE<\/h2>\t\t<\/div>\n\t\t\t\t<\/div>\n\t\t\t\t\t<\/div>\n\t\t<\/div>\n\t\t\t\t\t\t\t<\/div>\n\t\t<\/section>\n\t\t\t\t<section class=\"elementor-section elementor-top-section elementor-element elementor-element-87a1b9c elementor-section-stretched elementor-section-boxed elementor-section-height-default elementor-section-height-default\" data-id=\"87a1b9c\" data-element_type=\"section\" data-settings=\"{&quot;stretch_section&quot;:&quot;section-stretched&quot;}\">\n\t\t\t\t\t\t<div class=\"elementor-container elementor-column-gap-default\">\n\t\t\t\t\t<div class=\"elementor-column elementor-col-100 elementor-top-column elementor-element elementor-element-86238f1\" data-id=\"86238f1\" data-element_type=\"column\">\n\t\t\t<div class=\"elementor-widget-wrap elementor-element-populated\">\n\t\t\t\t\t\t\t\t<div class=\"elementor-element elementor-element-c8942ab elementor-widget elementor-widget-text-editor\" data-id=\"c8942ab\" data-element_type=\"widget\" data-widget_type=\"text-editor.default\">\n\t\t\t\t<div class=\"elementor-widget-container\">\n\t\t\t\t\t\t\t<p>Extension, agrandissement de maison, construction d&rsquo;une d\u00e9pendance ou d&rsquo;une annexe : notre soci\u00e9t\u00e9 prend en main l&rsquo;installation \u00e9lectrique compl\u00e9te de vos nouveaux lieu de vie !<\/p><p>Nous r\u00e9alisons l&rsquo;ensemble des installations \u00e9lectriques n\u00e9cessaires : l&rsquo;\u00e9clairage \u00e9videmment mais \u00e9galement toute autre installation \u00e9lectrique.<\/p>\t\t\t\t\t\t<\/div>\n\t\t\t\t<\/div>\n\t\t\t\t\t<\/div>\n\t\t<\/div>\n\t\t\t\t\t\t\t<\/div>\n\t\t<\/section>\n\t\t\t\t<section class=\"elementor-section elementor-top-section elementor-element elementor-element-f544ee9 elementor-section-stretched elementor-section-boxed elementor-section-height-default elementor-section-height-default\" data-id=\"f544ee9\" data-element_type=\"section\" data-settings=\"{&quot;stretch_section&quot;:&quot;section-stretched&quot;}\">\n\t\t\t\t\t\t<div class=\"elementor-container elementor-column-gap-default\">\n\t\t\t\t\t<div class=\"elementor-column elementor-col-50 elementor-top-column elementor-element elementor-element-eb2aefb\" data-id=\"eb2aefb\" data-element_type=\"column\">\n\t\t\t<div class=\"elementor-widget-wrap elementor-element-populated\">\n\t\t\t\t\t\t\t\t<div class=\"elementor-element elementor-element-8c31f68 elementor-widget elementor-widget-text-editor\" data-id=\"8c31f68\" data-element_type=\"widget\" data-widget_type=\"text-editor.default\">\n\t\t\t\t<div class=\"elementor-widget-container\">\n\t\t\t\t\t\t\t<ul><li>Installation compl\u00e9te \u00e9clairage int\u00e9rieur et ext\u00e9rieur<\/li><li>Installation de prises et d&rsquo;interrupteurs<\/li><li>Pose de radiateurs \u00e9lectriques<\/li><li>Cablage et pose du tableau \u00e9lectrique<\/li><li>Installation interrupteur diff\u00e9rentiel, disjonteur, parafoudre&#8230;<\/li><li>Cablage Multim\u00e9dia : TV, T\u00e9l\u00e9phonie, Internet<\/li><\/ul>\t\t\t\t\t\t<\/div>\n\t\t\t\t<\/div>\n\t\t\t\t\t<\/div>\n\t\t<\/div>\n\t\t\t\t<div class=\"elementor-column elementor-col-50 elementor-top-column elementor-element elementor-element-b0aa975\" data-id=\"b0aa975\" data-element_type=\"column\">\n\t\t\t<div class=\"elementor-widget-wrap elementor-element-populated\">\n\t\t\t\t\t\t\t\t<div class=\"elementor-element elementor-element-cb66806 elementor-widget elementor-widget-image\" data-id=\"cb66806\" data-element_type=\"widget\" data-widget_type=\"image.default\">\n\t\t\t\t<div class=\"elementor-widget-container\">\n\t\t\t<style>\/*! elementor - v3.6.7 - 03-07-2022 *\/\n.elementor-widget-image{text-align:center}.elementor-widget-image a{display:inline-block}.elementor-widget-image a img[src$=\".svg\"]{width:48px}.elementor-widget-image img{vertical-align:middle;display:inline-block}<\/style>\t\t\t\t\t\t\t\t\t\t\t\t<img loading=\"lazy\" decoding=\"async\" width=\"318\" height=\"159\" src=\"https:\/\/futurosolaire.fr\/wp-content\/uploads\/2023\/02\/compteur.jpg\" class=\"attachment-large size-large\" alt=\"\" srcset=\"https:\/\/futurosolaire.fr\/wp-content\/uploads\/2023\/02\/compteur.jpg 318w, https:\/\/futurosolaire.fr\/wp-content\/uploads\/2023\/02\/compteur-300x150.jpg 300w\" sizes=\"(max-width: 318px) 100vw, 318px\" \/>\t\t\t\t\t\t\t\t\t\t\t\t\t\t\t<\/div>\n\t\t\t\t<\/div>\n\t\t\t\t\t<\/div>\n\t\t<\/div>\n\t\t\t\t\t\t\t<\/div>\n\t\t<\/section>\n\t\t\t\t<section class=\"elementor-section elementor-top-section elementor-element elementor-element-2e674ba elementor-section-boxed elementor-section-height-default elementor-section-height-default\" data-id=\"2e674ba\" data-element_type=\"section\">\n\t\t\t\t\t\t<div class=\"elementor-container elementor-column-gap-default\">\n\t\t\t\t\t<div class=\"elementor-column elementor-col-100 elementor-top-column elementor-element elementor-element-f6b6420\" data-id=\"f6b6420\" data-element_type=\"column\">\n\t\t\t<div class=\"elementor-widget-wrap elementor-element-populated\">\n\t\t\t\t\t\t\t\t<div class=\"elementor-element elementor-element-195cafb elementor-widget elementor-widget-heading\" data-id=\"195cafb\" data-element_type=\"widget\" data-widget_type=\"heading.default\">\n\t\t\t\t<div class=\"elementor-widget-container\">\n\t\t\t<h2 class=\"elementor-heading-title elementor-size-default\">RENOVATION ELECTRIQUE<\/h2>\t\t<\/div>\n\t\t\t\t<\/div>\n\t\t\t\t\t<\/div>\n\t\t<\/div>\n\t\t\t\t\t\t\t<\/div>\n\t\t<\/section>\n\t\t\t\t<section class=\"elementor-section elementor-top-section elementor-element elementor-element-6662b5f elementor-section-stretched elementor-section-boxed elementor-section-height-default elementor-section-height-default\" data-id=\"6662b5f\" data-element_type=\"section\" data-settings=\"{&quot;stretch_section&quot;:&quot;section-stretched&quot;}\">\n\t\t\t\t\t\t<div class=\"elementor-container elementor-column-gap-default\">\n\t\t\t\t\t<div class=\"elementor-column elementor-col-100 elementor-top-column elementor-element elementor-element-ac472fa\" data-id=\"ac472fa\" data-element_type=\"column\">\n\t\t\t<div class=\"elementor-widget-wrap elementor-element-populated\">\n\t\t\t\t\t\t\t\t<div class=\"elementor-element elementor-element-3d75bf3 elementor-widget elementor-widget-text-editor\" data-id=\"3d75bf3\" data-element_type=\"widget\" data-widget_type=\"text-editor.default\">\n\t\t\t\t<div class=\"elementor-widget-container\">\n\t\t\t\t\t\t\t<p>Vous souhaitez faire appel \u00e0 un \u00e9lectricien pour votre r\u00e9novation \u00e9lectrique ?<\/p><p>FUTUROSOLAIRE vous fait part de son expertise dans la mise aux normes de votre installation \u00e9lectrique ancienne. Votre artisan \u00e9lectricien intervient dans les plus bref d\u00e9lais pour r\u00e9nover l&rsquo;\u00e9lectricit\u00e9 de votre maison, appartement ou vos locaux professionnels.<\/p><p>Vous souhaitez mettre aux normes votre installation ? FUTUROSOLAIRE r\u00e9alise vos travaux de r\u00e9fection \u00e9lectrique \u00e0 Poitiers et ses environs.<\/p>\t\t\t\t\t\t<\/div>\n\t\t\t\t<\/div>\n\t\t\t\t\t<\/div>\n\t\t<\/div>\n\t\t\t\t\t\t\t<\/div>\n\t\t<\/section>\n\t\t\t\t<section class=\"elementor-section elementor-top-section elementor-element elementor-element-aa832e1 elementor-section-stretched elementor-section-boxed elementor-section-height-default elementor-section-height-default\" data-id=\"aa832e1\" data-element_type=\"section\" data-settings=\"{&quot;stretch_section&quot;:&quot;section-stretched&quot;}\">\n\t\t\t\t\t\t<div class=\"elementor-container elementor-column-gap-default\">\n\t\t\t\t\t<div class=\"elementor-column elementor-col-50 elementor-top-column elementor-element elementor-element-9cfcaa1\" data-id=\"9cfcaa1\" data-element_type=\"column\">\n\t\t\t<div class=\"elementor-widget-wrap elementor-element-populated\">\n\t\t\t\t\t\t\t\t<div class=\"elementor-element elementor-element-5031ec5 elementor-widget elementor-widget-text-editor\" data-id=\"5031ec5\" data-element_type=\"widget\" data-widget_type=\"text-editor.default\">\n\t\t\t\t<div class=\"elementor-widget-container\">\n\t\t\t\t\t\t\t<ul><li>Mise en conformit\u00e9<\/li><li>R\u00e9habilitation \u00e9lectrique<\/li><li>D\u00e9placement ou ajout de prises \u00e9lectriques<\/li><li>D\u00e9placement ou ajout d&rsquo;interrupteur<\/li><li>Mise \u00e0 la terre des prises de courant<\/li><li>Cr\u00e9ation ou modification de la prise de terre<\/li><li>Remplacement du tableau \u00e9lectrique<\/li><li>Installation et maintenance de la VMC<\/li><\/ul>\t\t\t\t\t\t<\/div>\n\t\t\t\t<\/div>\n\t\t\t\t\t<\/div>\n\t\t<\/div>\n\t\t\t\t<div class=\"elementor-column elementor-col-50 elementor-top-column elementor-element elementor-element-fbb86f9\" data-id=\"fbb86f9\" data-element_type=\"column\">\n\t\t\t<div class=\"elementor-widget-wrap elementor-element-populated\">\n\t\t\t\t\t\t\t\t<div class=\"elementor-element elementor-element-f0472fc elementor-widget elementor-widget-image\" data-id=\"f0472fc\" data-element_type=\"widget\" data-widget_type=\"image.default\">\n\t\t\t\t<div class=\"elementor-widget-container\">\n\t\t\t\t\t\t\t\t\t\t\t\t\t\t\t<img loading=\"lazy\" decoding=\"async\" width=\"300\" height=\"200\" src=\"https:\/\/futurosolaire.fr\/wp-content\/uploads\/2023\/02\/compteur-electrique-300x200.jpg\" class=\"attachment-medium size-medium\" alt=\"\" srcset=\"https:\/\/futurosolaire.fr\/wp-content\/uploads\/2023\/02\/compteur-electrique-300x200.jpg 300w, https:\/\/futurosolaire.fr\/wp-content\/uploads\/2023\/02\/compteur-electrique-768x513.jpg 768w, https:\/\/futurosolaire.fr\/wp-content\/uploads\/2023\/02\/compteur-electrique.jpg 1000w\" sizes=\"(max-width: 300px) 100vw, 300px\" \/>\t\t\t\t\t\t\t\t\t\t\t\t\t\t\t<\/div>\n\t\t\t\t<\/div>\n\t\t\t\t\t<\/div>\n\t\t<\/div>\n\t\t\t\t\t\t\t<\/div>\n\t\t<\/section>\n\t\t\t\t<section class=\"elementor-section elementor-top-section elementor-element elementor-element-7101a6a elementor-section-stretched elementor-section-boxed elementor-section-height-default elementor-section-height-default\" data-id=\"7101a6a\" data-element_type=\"section\" data-settings=\"{&quot;stretch_section&quot;:&quot;section-stretched&quot;}\">\n\t\t\t\t\t\t<div class=\"elementor-container elementor-column-gap-default\">\n\t\t\t\t\t<div class=\"elementor-column elementor-col-100 elementor-top-column elementor-element elementor-element-b40245d\" data-id=\"b40245d\" data-element_type=\"column\">\n\t\t\t<div class=\"elementor-widget-wrap elementor-element-populated\">\n\t\t\t\t\t\t\t\t<div class=\"elementor-element elementor-element-9b53378 elementor-widget elementor-widget-text-editor\" data-id=\"9b53378\" data-element_type=\"widget\" data-widget_type=\"text-editor.default\">\n\t\t\t\t<div class=\"elementor-widget-container\">\n\t\t\t\t\t\t\t<p>Vous savez que votre installation \u00e9lectrique est v\u00e9tuste ? Alors n&rsquo;attendez plus, pour la mise en conformit\u00e9 de vos \u00e9quipements, faites appel aux services de notre soci\u00e9t\u00e9 d&rsquo;\u00e9lectricit\u00e9 g\u00e9n\u00e9rale.<\/p><p>Faites confiance \u00e0 notre expertise en installation et r\u00e9novation \u00e9lectrique ! Disponibles 6J\/7, nous sommes \u00e0 votre \u00e9coute.<\/p>\t\t\t\t\t\t<\/div>\n\t\t\t\t<\/div>\n\t\t\t\t\t<\/div>\n\t\t<\/div>\n\t\t\t\t\t\t\t<\/div>\n\t\t<\/section>\n\t\t\t\t\t\t\t<\/div>\n\t\t","protected":false},"excerpt":{"rendered":"<p>FUTUROSOLAIRE est sp\u00e9cialis\u00e9e dans les travaux d&rsquo;\u00e9lectricit\u00e9 g\u00e9n\u00e9rale. Nous r\u00e9alisons diverses installations et r\u00e9novations \u00e9lectriques sur Poitiers et ses alentours. N&rsquo;h\u00e9sitez pas \u00e0 nous contacter pour un chiffrage ou l&rsquo;intervention rapide d&rsquo;un \u00e9lectricien qualifi\u00e9 et professionnel ! INSTALLATION ELECTRIQUE Extension, agrandissement de maison, construction d&rsquo;une d\u00e9pendance ou d&rsquo;une annexe : notre soci\u00e9t\u00e9 prend en main [&hellip;]<\/p>\n","protected":false},"author":1,"featured_media":0,"parent":0,"menu_order":0,"comment_status":"closed","ping_status":"closed","template":"elementor_header_footer","meta":{"footnotes":""},"class_list":["post-19","page","type-page","status-publish","hentry","entry"],"_links":{"self":[{"href":"https:\/\/futurosolaire.fr\/index.php\/wp-json\/wp\/v2\/pages\/19"}],"collection":[{"href":"https:\/\/futurosolaire.fr\/index.php\/wp-json\/wp\/v2\/pages"}],"about":[{"href":"https:\/\/futurosolaire.fr\/index.php\/wp-json\/wp\/v2\/types\/page"}],"author":[{"embeddable":true,"href":"https:\/\/futurosolaire.fr\/index.php\/wp-json\/wp\/v2\/users\/1"}],"replies":[{"embeddable":true,"href":"https:\/\/futurosolaire.fr\/index.php\/wp-json\/wp\/v2\/comments?post=19"}],"version-history":[{"count":37,"href":"https:\/\/futurosolaire.fr\/index.php\/wp-json\/wp\/v2\/pages\/19\/revisions"}],"predecessor-version":[{"id":385,"href":"https:\/\/futurosolaire.fr\/index.php\/wp-json\/wp\/v2\/pages\/19\/revisions\/385"}],"wp:attachment":[{"href":"https:\/\/futurosolaire.fr\/index.php\/wp-json\/wp\/v2\/media?parent=19"}],"curies":[{"name":"wp","href":"https:\/\/api.w.org\/{rel}","templated":true}]}}